{"id":2,"date":"2024-06-22T20:19:14","date_gmt":"2024-06-22T18:19:14","guid":{"rendered":"https:\/\/codeme.pl\/besecure\/?page_id=2"},"modified":"2026-05-04T14:57:20","modified_gmt":"2026-05-04T12:57:20","slug":"besecure","status":"publish","type":"page","link":"https:\/\/codeme.pl\/besecure\/","title":{"rendered":"Strona g\u0142\u00f3wna"},"content":{"rendered":"","protected":false},"excerpt":{"rendered":"","protected":false},"author":1,"featured_media":636,"parent":0,"menu_order":0,"comment_status":"closed","ping_status":"closed","template":"","meta":{"_acf_changed":false,"footnotes":""},"class_list":["post-2","page","type-page","status-publish","has-post-thumbnail","hentry"],"acf":[],"yoast_head":"<!-- This site is optimized with the Yoast SEO plugin v27.2 - https:\/\/yoast.com\/product\/yoast-seo-wordpress\/ -->\n<title>Strona g\u0142\u00f3wna - BeSecure<\/title>\n<meta name=\"description\" content=\"BeSecure - konferencja po\u015bwi\u0119cona cyberbezpiecze\u0144stwu: trendy, zagro\u017cenia, praktyka.\" \/>\n<meta name=\"robots\" content=\"index, follow, max-snippet:-1, max-image-preview:large, max-video-preview:-1\" \/>\n<link rel=\"canonical\" href=\"https:\/\/codeme.pl\/besecure\/\" \/>\n<meta property=\"og:locale\" content=\"pl_PL\" \/>\n<meta property=\"og:type\" content=\"article\" \/>\n<meta property=\"og:title\" content=\"BeSecure\" \/>\n<meta property=\"og:description\" content=\"Konferencja po\u015bwi\u0119cona cyberbezpiecze\u0144stwu. Trendy i praktyka.\" \/>\n<meta property=\"og:url\" content=\"https:\/\/codeme.pl\/besecure\/\" \/>\n<meta property=\"og:site_name\" content=\"BeSecure\" \/>\n<meta property=\"article:publisher\" content=\"https:\/\/www.facebook.com\/FundacjaCODEME\" \/>\n<meta property=\"article:modified_time\" content=\"2026-05-04T12:57:20+00:00\" \/>\n<meta property=\"og:image\" content=\"http:\/\/codeme.pl\/besecure\/wp-content\/uploads\/2024\/11\/logo-bs.png\" \/>\n\t<meta property=\"og:image:width\" content=\"591\" \/>\n\t<meta property=\"og:image:height\" content=\"591\" \/>\n\t<meta property=\"og:image:type\" content=\"image\/png\" \/>\n<meta name=\"twitter:card\" content=\"summary_large_image\" \/>\n<meta name=\"twitter:title\" content=\"BeSecure\" \/>\n<meta name=\"twitter:image\" content=\"https:\/\/codeme.pl\/besecure\/wp-content\/uploads\/2024\/11\/logo-bs.png\" \/>\n<meta name=\"twitter:label1\" content=\"Szacowany czas czytania\" \/>\n\t<meta name=\"twitter:data1\" content=\"1 minuta\" \/>\n<script type=\"application\/ld+json\" class=\"yoast-schema-graph\">{\"@context\":\"https:\/\/schema.org\",\"@graph\":[{\"@type\":\"WebPage\",\"@id\":\"https:\/\/codeme.pl\/besecure\/\",\"url\":\"https:\/\/codeme.pl\/besecure\/\",\"name\":\"Strona g\u0142\u00f3wna - BeSecure\",\"isPartOf\":{\"@id\":\"https:\/\/codeme.pl\/besecure\/#website\"},\"primaryImageOfPage\":{\"@id\":\"https:\/\/codeme.pl\/besecure\/#primaryimage\"},\"image\":{\"@id\":\"https:\/\/codeme.pl\/besecure\/#primaryimage\"},\"thumbnailUrl\":\"https:\/\/codeme.pl\/besecure\/wp-content\/uploads\/2024\/11\/logo-bs.png\",\"datePublished\":\"2024-06-22T18:19:14+00:00\",\"dateModified\":\"2026-05-04T12:57:20+00:00\",\"description\":\"BeSecure - konferencja po\u015bwi\u0119cona cyberbezpiecze\u0144stwu: trendy, zagro\u017cenia, praktyka.\",\"breadcrumb\":{\"@id\":\"https:\/\/codeme.pl\/besecure\/#breadcrumb\"},\"inLanguage\":\"pl-PL\",\"potentialAction\":[{\"@type\":\"ReadAction\",\"target\":[\"https:\/\/codeme.pl\/besecure\/\"]}]},{\"@type\":\"ImageObject\",\"inLanguage\":\"pl-PL\",\"@id\":\"https:\/\/codeme.pl\/besecure\/#primaryimage\",\"url\":\"https:\/\/codeme.pl\/besecure\/wp-content\/uploads\/2024\/11\/logo-bs.png\",\"contentUrl\":\"https:\/\/codeme.pl\/besecure\/wp-content\/uploads\/2024\/11\/logo-bs.png\",\"width\":591,\"height\":591},{\"@type\":\"BreadcrumbList\",\"@id\":\"https:\/\/codeme.pl\/besecure\/#breadcrumb\",\"itemListElement\":[{\"@type\":\"ListItem\",\"position\":1,\"name\":\"Strona g\u0142\u00f3wna\",\"item\":\"https:\/\/codeme.pl\/besecure\/\"},{\"@type\":\"ListItem\",\"position\":2,\"name\":\"Strona g\u0142\u00f3wna\"}]},{\"@type\":\"WebSite\",\"@id\":\"https:\/\/codeme.pl\/besecure\/#website\",\"url\":\"https:\/\/codeme.pl\/besecure\/\",\"name\":\"BeSecure\",\"description\":\"\",\"publisher\":{\"@id\":\"https:\/\/codeme.pl\/besecure\/#organization\"},\"potentialAction\":[{\"@type\":\"SearchAction\",\"target\":{\"@type\":\"EntryPoint\",\"urlTemplate\":\"https:\/\/codeme.pl\/besecure\/?s={search_term_string}\"},\"query-input\":{\"@type\":\"PropertyValueSpecification\",\"valueRequired\":true,\"valueName\":\"search_term_string\"}}],\"inLanguage\":\"pl-PL\"},{\"@type\":\"Organization\",\"@id\":\"https:\/\/codeme.pl\/besecure\/#organization\",\"name\":\"BeSecure\",\"url\":\"https:\/\/codeme.pl\/besecure\/\",\"logo\":{\"@type\":\"ImageObject\",\"inLanguage\":\"pl-PL\",\"@id\":\"https:\/\/codeme.pl\/besecure\/#\/schema\/logo\/image\/\",\"url\":\"https:\/\/codeme.pl\/besecure\/wp-content\/uploads\/2024\/11\/logo-bs.png\",\"contentUrl\":\"https:\/\/codeme.pl\/besecure\/wp-content\/uploads\/2024\/11\/logo-bs.png\",\"width\":591,\"height\":591,\"caption\":\"BeSecure\"},\"image\":{\"@id\":\"https:\/\/codeme.pl\/besecure\/#\/schema\/logo\/image\/\"},\"sameAs\":[\"https:\/\/www.facebook.com\/FundacjaCODEME\",\"https:\/\/www.linkedin.com\/school\/code-me\/\",\"https:\/\/www.instagram.com\/fundacjacodeme\/\"]}]}<\/script>\n<!-- \/ Yoast SEO plugin. -->","yoast_head_json":{"title":"Strona g\u0142\u00f3wna - BeSecure","description":"BeSecure - konferencja po\u015bwi\u0119cona cyberbezpiecze\u0144stwu: trendy, zagro\u017cenia, praktyka.","robots":{"index":"index","follow":"follow","max-snippet":"max-snippet:-1","max-image-preview":"max-image-preview:large","max-video-preview":"max-video-preview:-1"},"canonical":"https:\/\/codeme.pl\/besecure\/","og_locale":"pl_PL","og_type":"article","og_title":"BeSecure","og_description":"Konferencja po\u015bwi\u0119cona cyberbezpiecze\u0144stwu. Trendy i praktyka.","og_url":"https:\/\/codeme.pl\/besecure\/","og_site_name":"BeSecure","article_publisher":"https:\/\/www.facebook.com\/FundacjaCODEME","article_modified_time":"2026-05-04T12:57:20+00:00","og_image":[{"width":591,"height":591,"url":"http:\/\/codeme.pl\/besecure\/wp-content\/uploads\/2024\/11\/logo-bs.png","type":"image\/png"}],"twitter_card":"summary_large_image","twitter_title":"BeSecure","twitter_image":"https:\/\/codeme.pl\/besecure\/wp-content\/uploads\/2024\/11\/logo-bs.png","twitter_misc":{"Szacowany czas czytania":"1 minuta"},"schema":{"@context":"https:\/\/schema.org","@graph":[{"@type":"WebPage","@id":"https:\/\/codeme.pl\/besecure\/","url":"https:\/\/codeme.pl\/besecure\/","name":"Strona g\u0142\u00f3wna - BeSecure","isPartOf":{"@id":"https:\/\/codeme.pl\/besecure\/#website"},"primaryImageOfPage":{"@id":"https:\/\/codeme.pl\/besecure\/#primaryimage"},"image":{"@id":"https:\/\/codeme.pl\/besecure\/#primaryimage"},"thumbnailUrl":"https:\/\/codeme.pl\/besecure\/wp-content\/uploads\/2024\/11\/logo-bs.png","datePublished":"2024-06-22T18:19:14+00:00","dateModified":"2026-05-04T12:57:20+00:00","description":"BeSecure - konferencja po\u015bwi\u0119cona cyberbezpiecze\u0144stwu: trendy, zagro\u017cenia, praktyka.","breadcrumb":{"@id":"https:\/\/codeme.pl\/besecure\/#breadcrumb"},"inLanguage":"pl-PL","potentialAction":[{"@type":"ReadAction","target":["https:\/\/codeme.pl\/besecure\/"]}]},{"@type":"ImageObject","inLanguage":"pl-PL","@id":"https:\/\/codeme.pl\/besecure\/#primaryimage","url":"https:\/\/codeme.pl\/besecure\/wp-content\/uploads\/2024\/11\/logo-bs.png","contentUrl":"https:\/\/codeme.pl\/besecure\/wp-content\/uploads\/2024\/11\/logo-bs.png","width":591,"height":591},{"@type":"BreadcrumbList","@id":"https:\/\/codeme.pl\/besecure\/#breadcrumb","itemListElement":[{"@type":"ListItem","position":1,"name":"Strona g\u0142\u00f3wna","item":"https:\/\/codeme.pl\/besecure\/"},{"@type":"ListItem","position":2,"name":"Strona g\u0142\u00f3wna"}]},{"@type":"WebSite","@id":"https:\/\/codeme.pl\/besecure\/#website","url":"https:\/\/codeme.pl\/besecure\/","name":"BeSecure","description":"","publisher":{"@id":"https:\/\/codeme.pl\/besecure\/#organization"},"potentialAction":[{"@type":"SearchAction","target":{"@type":"EntryPoint","urlTemplate":"https:\/\/codeme.pl\/besecure\/?s={search_term_string}"},"query-input":{"@type":"PropertyValueSpecification","valueRequired":true,"valueName":"search_term_string"}}],"inLanguage":"pl-PL"},{"@type":"Organization","@id":"https:\/\/codeme.pl\/besecure\/#organization","name":"BeSecure","url":"https:\/\/codeme.pl\/besecure\/","logo":{"@type":"ImageObject","inLanguage":"pl-PL","@id":"https:\/\/codeme.pl\/besecure\/#\/schema\/logo\/image\/","url":"https:\/\/codeme.pl\/besecure\/wp-content\/uploads\/2024\/11\/logo-bs.png","contentUrl":"https:\/\/codeme.pl\/besecure\/wp-content\/uploads\/2024\/11\/logo-bs.png","width":591,"height":591,"caption":"BeSecure"},"image":{"@id":"https:\/\/codeme.pl\/besecure\/#\/schema\/logo\/image\/"},"sameAs":["https:\/\/www.facebook.com\/FundacjaCODEME","https:\/\/www.linkedin.com\/school\/code-me\/","https:\/\/www.instagram.com\/fundacjacodeme\/"]}]}},"_links":{"self":[{"href":"https:\/\/codeme.pl\/besecure\/wp-json\/wp\/v2\/pages\/2","targetHints":{"allow":["GET"]}}],"collection":[{"href":"https:\/\/codeme.pl\/besecure\/wp-json\/wp\/v2\/pages"}],"about":[{"href":"https:\/\/codeme.pl\/besecure\/wp-json\/wp\/v2\/types\/page"}],"author":[{"embeddable":true,"href":"https:\/\/codeme.pl\/besecure\/wp-json\/wp\/v2\/users\/1"}],"replies":[{"embeddable":true,"href":"https:\/\/codeme.pl\/besecure\/wp-json\/wp\/v2\/comments?post=2"}],"version-history":[{"count":0,"href":"https:\/\/codeme.pl\/besecure\/wp-json\/wp\/v2\/pages\/2\/revisions"}],"wp:featuredmedia":[{"embeddable":true,"href":"https:\/\/codeme.pl\/besecure\/wp-json\/wp\/v2\/media\/636"}],"wp:attachment":[{"href":"https:\/\/codeme.pl\/besecure\/wp-json\/wp\/v2\/media?parent=2"}],"curies":[{"name":"wp","href":"https:\/\/api.w.org\/{rel}","templated":true}]}}